{"id":1151,"date":"2021-07-30T11:06:11","date_gmt":"2021-07-30T18:06:11","guid":{"rendered":"https:\/\/aniautterback.com\/?page_id=1151"},"modified":"2021-09-02T13:08:05","modified_gmt":"2021-09-02T20:08:05","slug":"about-me","status":"publish","type":"page","link":"https:\/\/aniautterback.com\/polskie\/about-me\/","title":{"rendered":"O Mnie"},"content":{"rendered":"<p>[et_pb_section fb_built=&#8221;1&#8243; admin_label=&#8221;%22SERVICES%22 Header with Lilly Pad pic&#8221; _builder_version=&#8221;3.23.3&#8243; background_color=&#8221;#ffffff&#8221; background_image=&#8221;https:\/\/aniautterback.com\/polskie\/wp-content\/uploads\/2019\/05\/water-nature-blossom-plant-sky-photography-652397-pxhere.jpg&#8221; z_index_tablet=&#8221;500&#8243; box_shadow_style=&#8221;preset3&#8243; box_shadow_vertical_tablet=&#8221;0px&#8221; box_shadow_blur_tablet=&#8221;40px&#8221; box_shadow_spread_tablet=&#8221;0px&#8221; global_colors_info=&#8221;{}&#8221;][et_pb_row _builder_version=&#8221;3.25&#8243; global_colors_info=&#8221;{}&#8221;][et_pb_column type=&#8221;4_4&#8243; _builder_version=&#8221;3.25&#8243; custom_padding=&#8221;|||&#8221; global_colors_info=&#8221;{}&#8221; custom_padding__hover=&#8221;|||&#8221;][et_pb_text admin_label=&#8221;%22O MNIE (About Me)%22 Header with lily pad pic&#8221; _builder_version=&#8221;4.9.10&#8243; background_layout=&#8221;dark&#8221; z_index_tablet=&#8221;500&#8243; text_text_shadow_horizontal_length_tablet=&#8221;0px&#8221; text_text_shadow_vertical_length_tablet=&#8221;0px&#8221; text_text_shadow_blur_strength_tablet=&#8221;1px&#8221; link_text_shadow_horizontal_length_tablet=&#8221;0px&#8221; link_text_shadow_vertical_length_tablet=&#8221;0px&#8221; link_text_shadow_blur_strength_tablet=&#8221;1px&#8221; ul_text_shadow_horizontal_length_tablet=&#8221;0px&#8221; ul_text_shadow_vertical_length_tablet=&#8221;0px&#8221; ul_text_shadow_blur_strength_tablet=&#8221;1px&#8221; ol_text_shadow_horizontal_length_tablet=&#8221;0px&#8221; ol_text_shadow_vertical_length_tablet=&#8221;0px&#8221; ol_text_shadow_blur_strength_tablet=&#8221;1px&#8221; quote_text_shadow_horizontal_length_tablet=&#8221;0px&#8221; quote_text_shadow_vertical_length_tablet=&#8221;0px&#8221; quote_text_shadow_blur_strength_tablet=&#8221;1px&#8221; header_text_shadow_horizontal_length_tablet=&#8221;0px&#8221; header_text_shadow_vertical_length_tablet=&#8221;0px&#8221; header_text_shadow_blur_strength_tablet=&#8221;1px&#8221; header_2_text_shadow_horizontal_length_tablet=&#8221;0px&#8221; header_2_text_shadow_vertical_length_tablet=&#8221;0px&#8221; header_2_text_shadow_blur_strength_tablet=&#8221;1px&#8221; header_3_text_shadow_horizontal_length_tablet=&#8221;0px&#8221; header_3_text_shadow_vertical_length_tablet=&#8221;0px&#8221; header_3_text_shadow_blur_strength_tablet=&#8221;1px&#8221; header_4_text_shadow_horizontal_length_tablet=&#8221;0px&#8221; header_4_text_shadow_vertical_length_tablet=&#8221;0px&#8221; header_4_text_shadow_blur_strength_tablet=&#8221;1px&#8221; header_5_text_shadow_horizontal_length_tablet=&#8221;0px&#8221; header_5_text_shadow_vertical_length_tablet=&#8221;0px&#8221; header_5_text_shadow_blur_strength_tablet=&#8221;1px&#8221; header_6_text_shadow_horizontal_length_tablet=&#8221;0px&#8221; header_6_text_shadow_vertical_length_tablet=&#8221;0px&#8221; header_6_text_shadow_blur_strength_tablet=&#8221;1px&#8221; box_shadow_horizontal_tablet=&#8221;0px&#8221; box_shadow_vertical_tablet=&#8221;0px&#8221; box_shadow_blur_tablet=&#8221;40px&#8221; box_shadow_spread_tablet=&#8221;0px&#8221; global_colors_info=&#8221;{}&#8221;]<\/p>\n<p style=\"text-align: center;\"><span class=\"headertitledb\">O MNIE<\/span><\/p>\n<p>[\/et_pb_text][\/et_pb_column][\/et_pb_row][\/et_pb_section][et_pb_section fb_built=&#8221;1&#8243; admin_label=&#8221;Link to English Site&#8221; _builder_version=&#8221;4.9.10&#8243; _module_preset=&#8221;default&#8221; custom_margin=&#8221;0px||-24px||false|false&#8221; custom_padding=&#8221;0px||0px||false|false&#8221; locked=&#8221;off&#8221; global_colors_info=&#8221;{}&#8221;][et_pb_row _builder_version=&#8221;4.9.10&#8243; _module_preset=&#8221;default&#8221; custom_margin=&#8221;0px||0px||false|false&#8221; custom_padding=&#8221;||0px||false|false&#8221; global_colors_info=&#8221;{}&#8221;][et_pb_column type=&#8221;4_4&#8243; _builder_version=&#8221;4.9.10&#8243; _module_preset=&#8221;default&#8221; global_colors_info=&#8221;{}&#8221;][et_pb_text admin_label=&#8221;Link to English Site&#8221; _builder_version=&#8221;4.9.10&#8243; _module_preset=&#8221;default&#8221; global_colors_info=&#8221;{}&#8221;]<\/p>\n<p style=\"text-align: right;\"><a href=\"https:\/\/aniautterback.com\"><strong>English<\/strong> <img loading=\"lazy\" decoding=\"async\" class=\"wp-image-1232 alignnone size-full\" src=\"https:\/\/aniautterback.com\/polskie\/wp-content\/uploads\/2021\/07\/us-uk.png\" alt=\"\" width=\"45\" height=\"30\" \/><\/a><\/p>\n<p>[\/et_pb_text][\/et_pb_column][\/et_pb_row][\/et_pb_section][et_pb_section fb_built=&#8221;1&#8243; _builder_version=&#8221;3.23.1&#8243; background_color=&#8221;#f1eaf5&#8243; inner_width_tablet=&#8221;50px&#8221; inner_max_width_tablet=&#8221;50px&#8221; z_index_tablet=&#8221;500&#8243; box_shadow_horizontal_tablet=&#8221;0px&#8221; box_shadow_vertical_tablet=&#8221;0px&#8221; box_shadow_blur_tablet=&#8221;40px&#8221; box_shadow_spread_tablet=&#8221;0px&#8221; global_colors_info=&#8221;{}&#8221;][et_pb_row _builder_version=&#8221;3.25&#8243; background_size=&#8221;initial&#8221; background_position=&#8221;top_left&#8221; background_repeat=&#8221;repeat&#8221; global_colors_info=&#8221;{}&#8221;][et_pb_column type=&#8221;4_4&#8243; _builder_version=&#8221;3.25&#8243; custom_padding=&#8221;|||&#8221; global_colors_info=&#8221;{}&#8221; custom_padding__hover=&#8221;|||&#8221;][et_pb_text admin_label=&#8221;Text: About Me (Polish)&#8221; _builder_version=&#8221;4.10.5&#8243; z_index_tablet=&#8221;500&#8243; text_text_shadow_horizontal_length_tablet=&#8221;0px&#8221; text_text_shadow_vertical_length_tablet=&#8221;0px&#8221; text_text_shadow_blur_strength_tablet=&#8221;1px&#8221; link_text_shadow_horizontal_length_tablet=&#8221;0px&#8221; link_text_shadow_vertical_length_tablet=&#8221;0px&#8221; link_text_shadow_blur_strength_tablet=&#8221;1px&#8221; ul_text_shadow_horizontal_length_tablet=&#8221;0px&#8221; ul_text_shadow_vertical_length_tablet=&#8221;0px&#8221; ul_text_shadow_blur_strength_tablet=&#8221;1px&#8221; ol_text_shadow_horizontal_length_tablet=&#8221;0px&#8221; ol_text_shadow_vertical_length_tablet=&#8221;0px&#8221; ol_text_shadow_blur_strength_tablet=&#8221;1px&#8221; quote_text_shadow_horizontal_length_tablet=&#8221;0px&#8221; quote_text_shadow_vertical_length_tablet=&#8221;0px&#8221; quote_text_shadow_blur_strength_tablet=&#8221;1px&#8221; header_text_shadow_horizontal_length_tablet=&#8221;0px&#8221; header_text_shadow_vertical_length_tablet=&#8221;0px&#8221; header_text_shadow_blur_strength_tablet=&#8221;1px&#8221; header_2_text_shadow_horizontal_length_tablet=&#8221;0px&#8221; header_2_text_shadow_vertical_length_tablet=&#8221;0px&#8221; header_2_text_shadow_blur_strength_tablet=&#8221;1px&#8221; header_3_text_shadow_horizontal_length_tablet=&#8221;0px&#8221; header_3_text_shadow_vertical_length_tablet=&#8221;0px&#8221; header_3_text_shadow_blur_strength_tablet=&#8221;1px&#8221; header_4_text_shadow_horizontal_length_tablet=&#8221;0px&#8221; header_4_text_shadow_vertical_length_tablet=&#8221;0px&#8221; header_4_text_shadow_blur_strength_tablet=&#8221;1px&#8221; header_5_text_shadow_horizontal_length_tablet=&#8221;0px&#8221; header_5_text_shadow_vertical_length_tablet=&#8221;0px&#8221; header_5_text_shadow_blur_strength_tablet=&#8221;1px&#8221; header_6_text_shadow_horizontal_length_tablet=&#8221;0px&#8221; header_6_text_shadow_vertical_length_tablet=&#8221;0px&#8221; header_6_text_shadow_blur_strength_tablet=&#8221;1px&#8221; box_shadow_horizontal_tablet=&#8221;0px&#8221; box_shadow_vertical_tablet=&#8221;0px&#8221; box_shadow_blur_tablet=&#8221;40px&#8221; box_shadow_spread_tablet=&#8221;0px&#8221; global_colors_info=&#8221;{}&#8221;]<\/p>\n<p><img loading=\"lazy\" decoding=\"async\" class=\"wp-image-981 alignleft\" src=\"https:\/\/aniautterback.com\/polskie\/wp-content\/uploads\/2021\/07\/ania-u.jpg\" alt=\"\" width=\"184\" height=\"180\" \/><\/p>\n<p>Witam serdecznie i zapraszam w podr\u00f3\u017c, kt\u00f3ra pozwoli tobie uruchomi\u0107 naturalne zdolno\u015bci twojego cia\u0142a i umys\u0142u.<\/p>\n<p>Terapeutyczna Hipnoza pomo\u017ce tobie w osi\u0105gni\u0119ciu obranego celu lub pozbyciu si\u0119 niechcianych nawyk\u00f3w.<\/p>\n<p>Ja podobnie jak ty dotar\u0142am w moim \u017cyciu do momentu w kt\u00f3rym zacz\u0119\u0142am zadawa\u0107 sobie pytanie, dok\u0105d zmierzam?<\/p>\n<p>Pr\u00f3bowa\u0142am wielu dr\u00f3g.<\/p>\n<p>Uzyska\u0142am dyplom Szko\u0142y G\u0142\u00f3wnej Handlowej w Warszawie.<\/p>\n<p>Studiowa\u0142am sposoby przyswajania I asymilowania pokarm\u00f3w przez organizm cz\u0142owieka na UCLA w Los Angeles.<\/p>\n<p>W dalszym ci\u0105gu poszukiwa\u0142am swojej drogi i pog\u0142\u0119bia\u0142am wiedz\u0119. Zainteresowa\u0142a mnie hipnoza.<\/p>\n<p>Ka\u017cde spotkanie z hipnoterapeut\u0105 by\u0142o dla mnie nowym prze\u0142omem, krokiem naprz\u00f3d.<\/p>\n<p>Hipnoza pozwoli\u0142a mi w organiczny, bezpieczny i komfortowy spos\u00f3b obra\u0107 now\u0105 drog\u0119 i pozby\u0107 si\u0119 frustruj\u0105cych my\u015bli i nawyk\u00f3w.<\/p>\n<p>Postanowi\u0142am zg\u0142\u0119bi\u0107 temat i po\u0142\u0105czy\u0107 to co ju\u017c wiem o funkcjonowaniu ludzkiego cia\u0142a z wiedz\u0105 o umy\u015ble.<\/p>\n<p>Zapisa\u0142am si\u0119 na ca\u0142oroczny, intensywny kurs w akredytowanym przez Ministerstwo Edukacji w USA Instytucie Motywacji Hipnoterapeutycznej w Los Angeles.<\/p>\n<p>Mia\u0142am ogromne szcz\u0119\u015bcie i zaszczyt uczy\u0107 si\u0119 od wspania\u0142ych nauczycieli, a w czasie moich godzin klinicznych sp\u0119dzi\u0142am du\u017co czasu konsultuj\u0105c si\u0119 i ucz\u0105c od najlepszych. W ten spos\u00f3b zyska\u0142am do\u015bwiadczenie niezb\u0119dne do dalszej pracy.<\/p>\n<p>Dzisiaj jestem na swojej drodze, odnalaz\u0142am pasj\u0119 swojego \u017cycia.<\/p>\n<p>Chcia\u0142abym aby ka\u017cdy m\u00f3g\u0142 do\u015bwiadczy\u0107 i u\u017cy\u0107 si\u0142y swojego umys\u0142u.<\/p>\n<p>Chcia\u0142abym by\u0107 \u015bwiadkiem twojej transformacji ku lepszemu, zdrowszemu i szcz\u0119\u015bliwszemu \u017cyciu.<\/p>\n<p>[\/et_pb_text][et_pb_cta button_url=&#8221;@ET-DC@eyJkeW5hbWljIjp0cnVlLCJjb250ZW50IjoicG9zdF9saW5rX3VybF9wYWdlIiwic2V0dGluZ3MiOnsicG9zdF9pZCI6IjgxMSJ9fQ==@&#8221; button_text=&#8221;Bezp\u0142atna 15 minutowa Konsultacja&#8221; admin_label=&#8221;Button: Free Consultation (Polish)&#8221; _builder_version=&#8221;4.9.10&#8243; _dynamic_attributes=&#8221;button_url&#8221; use_background_color=&#8221;off&#8221; background_layout=&#8221;light&#8221; z_index_tablet=&#8221;500&#8243; header_text_shadow_horizontal_length_tablet=&#8221;0px&#8221; header_text_shadow_vertical_length_tablet=&#8221;0px&#8221; header_text_shadow_blur_strength_tablet=&#8221;1px&#8221; body_text_shadow_horizontal_length_tablet=&#8221;0px&#8221; body_text_shadow_vertical_length_tablet=&#8221;0px&#8221; body_text_shadow_blur_strength_tablet=&#8221;1px&#8221; body_link_text_shadow_horizontal_length_tablet=&#8221;0px&#8221; body_link_text_shadow_vertical_length_tablet=&#8221;0px&#8221; body_link_text_shadow_blur_strength_tablet=&#8221;1px&#8221; body_ul_text_shadow_horizontal_length_tablet=&#8221;0px&#8221; body_ul_text_shadow_vertical_length_tablet=&#8221;0px&#8221; body_ul_text_shadow_blur_strength_tablet=&#8221;1px&#8221; body_ol_text_shadow_horizontal_length_tablet=&#8221;0px&#8221; body_ol_text_shadow_vertical_length_tablet=&#8221;0px&#8221; body_ol_text_shadow_blur_strength_tablet=&#8221;1px&#8221; body_quote_text_shadow_horizontal_length_tablet=&#8221;0px&#8221; body_quote_text_shadow_vertical_length_tablet=&#8221;0px&#8221; body_quote_text_shadow_blur_strength_tablet=&#8221;1px&#8221; button_text_shadow_horizontal_length_tablet=&#8221;0px&#8221; button_text_shadow_vertical_length_tablet=&#8221;0px&#8221; button_text_shadow_blur_strength_tablet=&#8221;1px&#8221; box_shadow_horizontal_tablet=&#8221;0px&#8221; box_shadow_vertical_tablet=&#8221;0px&#8221; box_shadow_blur_tablet=&#8221;40px&#8221; box_shadow_spread_tablet=&#8221;0px&#8221; box_shadow_horizontal_button_tablet=&#8221;0px&#8221; box_shadow_vertical_button_tablet=&#8221;0px&#8221; box_shadow_blur_button_tablet=&#8221;40px&#8221; box_shadow_spread_button_tablet=&#8221;0px&#8221; text_shadow_horizontal_length_tablet=&#8221;0px&#8221; text_shadow_vertical_length_tablet=&#8221;0px&#8221; text_shadow_blur_strength_tablet=&#8221;1px&#8221; locked=&#8221;off&#8221; global_colors_info=&#8221;{}&#8221;][\/et_pb_cta][\/et_pb_column][\/et_pb_row][\/et_pb_section]<\/p>\n","protected":false},"excerpt":{"rendered":"<p>O MNIEEnglish Witam serdecznie i zapraszam w podr\u00f3\u017c, kt\u00f3ra pozwoli tobie uruchomi\u0107 naturalne zdolno\u015bci twojego cia\u0142a i umys\u0142u. Terapeutyczna Hipnoza pomo\u017ce tobie w osi\u0105gni\u0119ciu obranego celu lub pozbyciu si\u0119 niechcianych nawyk\u00f3w. Ja podobnie jak ty dotar\u0142am w moim \u017cyciu do momentu w kt\u00f3rym zacz\u0119\u0142am zadawa\u0107 sobie pytanie, dok\u0105d zmierzam? Pr\u00f3bowa\u0142am wielu dr\u00f3g. Uzyska\u0142am dyplom Szko\u0142y [&hellip;]<\/p>\n","protected":false},"author":5,"featured_media":0,"parent":0,"menu_order":0,"comment_status":"closed","ping_status":"closed","template":"","meta":{"_et_pb_use_builder":"on","_et_pb_old_content":"[justified_image_grid ids=\"45,44,43,42,41,40,39,38,37,36,35,34,33,32,31,30,29,28,27,26,25,24,23,22,21,20,19,18,17,16,15,14,13,12,11\"]\r\n\r\n[gallery link=\"file\" folder_id=\"2\" ids=\"45,44,43,42,41,40,39,38,37,36,35,34,33,32,31,30,29,28,27,26,25,24,23,22,21,20,19,18,17,16,15,14,13,12,11\"]","_et_gb_content_width":"","footnotes":""},"class_list":["post-1151","page","type-page","status-publish","hentry"],"_links":{"self":[{"href":"https:\/\/aniautterback.com\/polskie\/wp-json\/wp\/v2\/pages\/1151","targetHints":{"allow":["GET"]}}],"collection":[{"href":"https:\/\/aniautterback.com\/polskie\/wp-json\/wp\/v2\/pages"}],"about":[{"href":"https:\/\/aniautterback.com\/polskie\/wp-json\/wp\/v2\/types\/page"}],"author":[{"embeddable":true,"href":"https:\/\/aniautterback.com\/polskie\/wp-json\/wp\/v2\/users\/5"}],"replies":[{"embeddable":true,"href":"https:\/\/aniautterback.com\/polskie\/wp-json\/wp\/v2\/comments?post=1151"}],"version-history":[{"count":10,"href":"https:\/\/aniautterback.com\/polskie\/wp-json\/wp\/v2\/pages\/1151\/revisions"}],"predecessor-version":[{"id":1283,"href":"https:\/\/aniautterback.com\/polskie\/wp-json\/wp\/v2\/pages\/1151\/revisions\/1283"}],"wp:attachment":[{"href":"https:\/\/aniautterback.com\/polskie\/wp-json\/wp\/v2\/media?parent=1151"}],"curies":[{"name":"wp","href":"https:\/\/api.w.org\/{rel}","templated":true}]}}