{"id":48,"date":"2016-06-01T23:16:39","date_gmt":"2016-06-02T06:16:39","guid":{"rendered":"http:\/\/192.185.13.241\/~stonz\/?page_id=48"},"modified":"2021-09-02T13:48:50","modified_gmt":"2021-09-02T20:48:50","slug":"dom","status":"publish","type":"page","link":"https:\/\/aniautterback.com\/polskie\/","title":{"rendered":"Dom"},"content":{"rendered":"<p>[et_pb_section fb_built=&#8221;1&#8243; custom_padding_last_edited=&#8221;on|desktop&#8221; _builder_version=&#8221;4.9.7&#8243; background_color=&#8221;#f1eaf5&#8243; background_image=&#8221;https:\/\/aniautterback.com\/polskie\/wp-content\/uploads\/2019\/05\/water-nature-blossom-plant-sky-photography-652397-pxhere-2-1.jpg&#8221; parallax=&#8221;on&#8221; parallax_method=&#8221;off&#8221; custom_margin=&#8221;44px|4%|0px|4%|false|false&#8221; custom_padding=&#8221;||||false|false&#8221; custom_padding_tablet=&#8221;&#8221; custom_padding_phone=&#8221;11px||11px||false|false&#8221; z_index_tablet=&#8221;500&#8243; box_shadow_horizontal_tablet=&#8221;0px&#8221; box_shadow_vertical_tablet=&#8221;0px&#8221; box_shadow_blur_tablet=&#8221;40px&#8221; box_shadow_spread_tablet=&#8221;0px&#8221; global_colors_info=&#8221;{}&#8221;][et_pb_row _builder_version=&#8221;3.25&#8243; parallax=&#8221;on&#8221; parallax_method=&#8221;off&#8221; width=&#8221;100%&#8221; custom_margin=&#8221;12px||60px|&#8221; custom_margin_tablet=&#8221;&#8221; custom_margin_phone=&#8221;20px||20px|&#8221; custom_margin_last_edited=&#8221;on|desktop&#8221; z_index_tablet=&#8221;500&#8243; box_shadow_horizontal_tablet=&#8221;0px&#8221; box_shadow_vertical_tablet=&#8221;0px&#8221; box_shadow_blur_tablet=&#8221;40px&#8221; box_shadow_spread_tablet=&#8221;0px&#8221; global_colors_info=&#8221;{}&#8221;][et_pb_column type=&#8221;4_4&#8243; _builder_version=&#8221;3.25&#8243; custom_padding=&#8221;|||&#8221; global_colors_info=&#8221;{}&#8221; custom_padding__hover=&#8221;|||&#8221;][et_pb_image src=&#8221;https:\/\/aniautterback.com\/polskie\/wp-content\/uploads\/2020\/12\/hummingbird-70percent.png&#8221; title_text=&#8221;Hummingbird 70percent&#8221; align=&#8221;center&#8221; admin_label=&#8221;Image: Humming Bird&#8221; _builder_version=&#8221;4.7.7&#8243; z_index_tablet=&#8221;500&#8243; box_shadow_horizontal_tablet=&#8221;0px&#8221; box_shadow_vertical_tablet=&#8221;0px&#8221; box_shadow_blur_tablet=&#8221;40px&#8221; box_shadow_spread_tablet=&#8221;0px&#8221; global_colors_info=&#8221;{}&#8221;][\/et_pb_image][et_pb_text admin_label=&#8221;%22THERAPEUTIC HYPNOSIS%22&#8243; _builder_version=&#8221;4.10.5&#8243; header_font=&#8221;|300|||||||&#8221; background_layout=&#8221;dark&#8221; z_index_tablet=&#8221;500&#8243; global_colors_info=&#8221;{}&#8221;]<\/p>\n<p style=\"text-align: center;\"><span style=\"font-size: 34pt; line-height: 1.3em;\">HIPNOZA TERAPEUTYCZNA<\/span><\/p>\n<p style=\"text-align: center;\">UMYS\u0141\u00a0 |\u00a0 CIA\u0141O\u00a0 | \u00a0 INTUICJA<\/p>\n<p>[\/et_pb_text][et_pb_cta button_url=&#8221;@ET-DC@eyJkeW5hbWljIjp0cnVlLCJjb250ZW50IjoicG9zdF9saW5rX3VybF9wYWdlIiwic2V0dGluZ3MiOnsicG9zdF9pZCI6IjgxMSJ9fQ==@&#8221; button_text=&#8221;Bezp\u0142atna 15 minutowa Konsultacja&#8221; admin_label=&#8221;Button: Free Consultation (Polish)&#8221; _builder_version=&#8221;4.9.10&#8243; _dynamic_attributes=&#8221;button_url&#8221; use_background_color=&#8221;off&#8221; background_layout=&#8221;light&#8221; z_index_tablet=&#8221;500&#8243; header_text_shadow_horizontal_length_tablet=&#8221;0px&#8221; header_text_shadow_vertical_length_tablet=&#8221;0px&#8221; header_text_shadow_blur_strength_tablet=&#8221;1px&#8221; body_text_shadow_horizontal_length_tablet=&#8221;0px&#8221; body_text_shadow_vertical_length_tablet=&#8221;0px&#8221; body_text_shadow_blur_strength_tablet=&#8221;1px&#8221; body_link_text_shadow_horizontal_length_tablet=&#8221;0px&#8221; body_link_text_shadow_vertical_length_tablet=&#8221;0px&#8221; body_link_text_shadow_blur_strength_tablet=&#8221;1px&#8221; body_ul_text_shadow_horizontal_length_tablet=&#8221;0px&#8221; body_ul_text_shadow_vertical_length_tablet=&#8221;0px&#8221; body_ul_text_shadow_blur_strength_tablet=&#8221;1px&#8221; body_ol_text_shadow_horizontal_length_tablet=&#8221;0px&#8221; body_ol_text_shadow_vertical_length_tablet=&#8221;0px&#8221; body_ol_text_shadow_blur_strength_tablet=&#8221;1px&#8221; body_quote_text_shadow_horizontal_length_tablet=&#8221;0px&#8221; body_quote_text_shadow_vertical_length_tablet=&#8221;0px&#8221; body_quote_text_shadow_blur_strength_tablet=&#8221;1px&#8221; button_text_shadow_horizontal_length_tablet=&#8221;0px&#8221; button_text_shadow_vertical_length_tablet=&#8221;0px&#8221; button_text_shadow_blur_strength_tablet=&#8221;1px&#8221; box_shadow_horizontal_tablet=&#8221;0px&#8221; box_shadow_vertical_tablet=&#8221;0px&#8221; box_shadow_blur_tablet=&#8221;40px&#8221; box_shadow_spread_tablet=&#8221;0px&#8221; box_shadow_horizontal_button_tablet=&#8221;0px&#8221; box_shadow_vertical_button_tablet=&#8221;0px&#8221; box_shadow_blur_button_tablet=&#8221;40px&#8221; box_shadow_spread_button_tablet=&#8221;0px&#8221; text_shadow_horizontal_length_tablet=&#8221;0px&#8221; text_shadow_vertical_length_tablet=&#8221;0px&#8221; text_shadow_blur_strength_tablet=&#8221;1px&#8221; locked=&#8221;off&#8221; global_colors_info=&#8221;{}&#8221;][\/et_pb_cta][et_pb_background_plus level=&#8221;section&#8221; _builder_version=&#8221;3.22.4&#8243; use_background_color_gradient=&#8221;on&#8221; background_color_gradient_start=&#8221;rgba(0,0,0,0.41)&#8221; background_color_gradient_end=&#8221;rgba(196,196,196,0.36)&#8221; z_index_tablet=&#8221;500&#8243; global_colors_info=&#8221;{}&#8221;][\/et_pb_background_plus][\/et_pb_column][\/et_pb_row][\/et_pb_section][et_pb_section fb_built=&#8221;1&#8243; custom_padding_last_edited=&#8221;off|phone&#8221; admin_label=&#8221;ZOOM and 3 Boxes&#8221; _builder_version=&#8221;4.7.4&#8243; inner_width_tablet=&#8221;50px&#8221; inner_max_width_tablet=&#8221;50px&#8221; custom_padding=&#8221;0px||0px||false|false&#8221; custom_padding_tablet=&#8221;50px|0|50px|0&#8243; z_index_tablet=&#8221;500&#8243; box_shadow_horizontal_tablet=&#8221;0px&#8221; box_shadow_vertical_tablet=&#8221;0px&#8221; box_shadow_blur_tablet=&#8221;40px&#8221; box_shadow_spread_tablet=&#8221;0px&#8221; global_colors_info=&#8221;{}&#8221;][et_pb_row column_structure=&#8221;3_4,1_4&#8243; _builder_version=&#8221;4.4.6&#8243; global_colors_info=&#8221;{}&#8221;][et_pb_column type=&#8221;3_4&#8243; _builder_version=&#8221;4.4.6&#8243; global_colors_info=&#8221;{}&#8221;][et_pb_text admin_label=&#8221;Zoom\/Facetime Message&#8221; _builder_version=&#8221;4.10.5&#8243; global_colors_info=&#8221;{}&#8221;]<\/p>\n<div style=\"text-align: center;\"><strong><a href=\"https:\/\/aniautterback.com\/polskie\/contact\/\"><img loading=\"lazy\" decoding=\"async\" class=\"wp-image-1130 alignnone size-full\" src=\"https:\/\/jumpstartmypractice.com\/wp-content\/uploads\/2020\/05\/zoom-facetime-100.png\" alt=\"\" width=\"100\" height=\"48\" \/><\/a><br \/>W domu bezpieczniej:<\/strong> Wszystkie sesje mo\u017cemy odbywa\u0107 w twoim w\u0142asnym domu via Zoom lub via Facetime.<\/div>\n<p>[\/et_pb_text][\/et_pb_column][et_pb_column type=&#8221;1_4&#8243; _builder_version=&#8221;4.4.6&#8243; global_colors_info=&#8221;{}&#8221;][et_pb_text admin_label=&#8221;Link to English Site&#8221; _builder_version=&#8221;4.9.10&#8243; _module_preset=&#8221;default&#8221; global_colors_info=&#8221;{}&#8221;]<\/p>\n<p style=\"text-align: right;\"><a href=\"https:\/\/aniautterback.com\"><strong>English<\/strong> <img loading=\"lazy\" decoding=\"async\" class=\"wp-image-1232 alignnone size-full\" src=\"https:\/\/aniautterback.com\/polskie\/wp-content\/uploads\/2021\/07\/us-uk.png\" alt=\"\" width=\"45\" height=\"30\" \/><\/a><\/p>\n<p>[\/et_pb_text][\/et_pb_column][\/et_pb_row][et_pb_row column_structure=&#8221;1_3,1_3,1_3&#8243; use_custom_gutter=&#8221;on&#8221; gutter_width=&#8221;2&#8243; make_equal=&#8221;on&#8221; admin_label=&#8221;3 Boxes&#8221; _builder_version=&#8221;4.7.7&#8243; background_size=&#8221;initial&#8221; background_position=&#8221;top_left&#8221; background_repeat=&#8221;repeat&#8221; width=&#8221;100%&#8221; width_tablet=&#8221;80px&#8221; width_phone=&#8221;50px&#8221; max_width_phone=&#8221;1280px&#8221; z_index_tablet=&#8221;500&#8243; global_colors_info=&#8221;{}&#8221;][et_pb_column type=&#8221;1_3&#8243; _builder_version=&#8221;4.7.7&#8243; background_color=&#8221;#bbbbbb&#8221; custom_padding=&#8221;|||&#8221; box_shadow_style=&#8221;preset3&#8243; global_colors_info=&#8221;{}&#8221; custom_padding__hover=&#8221;|||&#8221;][et_pb_text admin_label=&#8221;About Me&#8221; module_class=&#8221;home-box&#8221; _builder_version=&#8221;4.10.5&#8243; background_size=&#8221;initial&#8221; background_position=&#8221;top_left&#8221; background_repeat=&#8221;repeat&#8221; custom_padding=&#8221;22px|22px|22px|22px&#8221; hover_enabled=&#8221;0&#8243; z_index_tablet=&#8221;500&#8243; use_border_color=&#8221;off&#8221; border_color=&#8221;#ffffff&#8221; border_style=&#8221;solid&#8221; global_colors_info=&#8221;{}&#8221; sticky_enabled=&#8221;0&#8243;]<\/p>\n<h2 style=\"text-align: center;\"><span class=\"white-text\">O Mnie<br \/><\/span><\/h2>\n<p data-mce-fragment=\"1\">Witam serdecznie i zapraszam w podr\u00f3\u017c odkrywaj\u0105c\u0105 naturalne zdolno\u015bci twojego umys\u0142u i cia\u0142a.<\/p>\n<p data-mce-fragment=\"1\">Bez wzgl\u0119du na to jaki masz cel i co chcesz osi\u0105gn\u0105\u0107, hipnoza jest narz\u0119dziem kt\u00f3re przy\u015bpieszy i pomo\u017ce&#8230;<\/p>\n<p style=\"text-align: right;\"><a href=\"https:\/\/aniautterback.com\/polskie\/about-me\/\">Czytaj wi\u0119cej &gt;&gt;&gt;<\/a><\/p>\n<p>[\/et_pb_text][\/et_pb_column][et_pb_column type=&#8221;1_3&#8243; _builder_version=&#8221;3.25&#8243; background_color=&#8221;#bbbbbb&#8221; custom_padding=&#8221;|||&#8221; box_shadow_style=&#8221;preset3&#8243; global_colors_info=&#8221;{}&#8221; custom_padding__hover=&#8221;|||&#8221;][et_pb_text admin_label=&#8221;Why Hypnosis?&#8221; module_class=&#8221;home-box&#8221; _builder_version=&#8221;4.10.5&#8243; background_size=&#8221;initial&#8221; background_position=&#8221;top_left&#8221; background_repeat=&#8221;repeat&#8221; custom_padding=&#8221;22px|22px|22px|22px&#8221; z_index_tablet=&#8221;500&#8243; use_border_color=&#8221;off&#8221; border_color=&#8221;#ffffff&#8221; border_style=&#8221;solid&#8221; global_colors_info=&#8221;{}&#8221;]<\/p>\n<h2 style=\"text-align: center;\"><span class=\"white-text\">DLACZEGO HIPNOZA?<\/span><\/h2>\n<p>Znamy dwa kluczowe poj\u0119cia, kt\u00f3re pomog\u0105 tobie zrozumie\u0107 dlaczego hipnoza jest wa\u017cnym narz\u0119dziem w kreowaniu zmian.<\/p>\n<p>Pierwszy to <strong>homeostaza<\/strong>: Homeostaza to nasze pod\u015bwiadome d\u0105\u017cenie do \u201cbycia w r\u00f3wnowadze\u201d, co mo\u017cna okresli\u0107 jako op\u00f3r wobec wszelkich zmian na poziomie&#8230;<\/p>\n<p style=\"text-align: right;\"><a href=\"https:\/\/aniautterback.com\/polskie\/why-hypnosis\/\">Czytaj wi\u0119cej &gt;&gt;&gt;<\/a><\/p>\n<p>[\/et_pb_text][\/et_pb_column][et_pb_column type=&#8221;1_3&#8243; _builder_version=&#8221;3.25&#8243; background_color=&#8221;#bbbbbb&#8221; custom_padding=&#8221;|||&#8221; box_shadow_style=&#8221;preset3&#8243; global_colors_info=&#8221;{}&#8221; custom_padding__hover=&#8221;|||&#8221;][et_pb_text admin_label=&#8221;Free Phone Consultation&#8221; module_class=&#8221;home-box&#8221; _builder_version=&#8221;4.10.5&#8243; background_size=&#8221;initial&#8221; background_position=&#8221;top_left&#8221; background_repeat=&#8221;repeat&#8221; custom_padding=&#8221;22px|22px|22px|22px&#8221; z_index_tablet=&#8221;500&#8243; use_border_color=&#8221;off&#8221; border_color=&#8221;#ffffff&#8221; border_style=&#8221;solid&#8221; global_colors_info=&#8221;{}&#8221;]<\/p>\n<h2 style=\"text-align: center;\"><span class=\"white-text\">Bezp\u0142atna 15 minutowa Konsultacja<\/span><\/h2>\n<p>Znamy dwa kluczowe pojecia, ktore pomoga Tobie zrozumiec dlaczego hipnoza jest waznym narzedziem w kreowaniu zmian.<\/p>\n<p>Pierwszy to <strong>homeostaza<\/strong>: Homeostaza to nasze podswiadome dazenie do \u201cbycia w rownowadze\u201d, co mozna okreslic jako opor wobec wszelkich zmian na poziomie&#8230;<\/p>\n<p style=\"text-align: right;\"><a href=\"https:\/\/aniautterback.com\/polskie\/free-consultation\/\">Czytaj wi\u0119cej &gt;&gt;&gt;<\/a><\/p>\n<p>[\/et_pb_text][\/et_pb_column][\/et_pb_row][\/et_pb_section][et_pb_section fb_built=&#8221;1&#8243; admin_label=&#8221;Section &#8211; About Me&#8221; _builder_version=&#8221;4.7.4&#8243; background_color=&#8221;#eeee22&#8243; use_background_color_gradient=&#8221;on&#8221; background_image=&#8221;https:\/\/aniautterback.com\/polskie\/wp-content\/uploads\/2020\/12\/aboutme-BG.jpg&#8221; background_position=&#8221;bottom_center&#8221; inner_width_tablet=&#8221;50px&#8221; inner_max_width_tablet=&#8221;50px&#8221; z_index_tablet=&#8221;500&#8243; box_shadow_horizontal_tablet=&#8221;0px&#8221; box_shadow_vertical_tablet=&#8221;0px&#8221; box_shadow_blur_tablet=&#8221;40px&#8221; box_shadow_spread_tablet=&#8221;0px&#8221; global_colors_info=&#8221;{}&#8221;][et_pb_row _builder_version=&#8221;3.25&#8243; global_colors_info=&#8221;{}&#8221;][et_pb_column type=&#8221;4_4&#8243; _builder_version=&#8221;3.25&#8243; custom_padding=&#8221;|||&#8221; global_colors_info=&#8221;{}&#8221; custom_padding__hover=&#8221;|||&#8221;][et_pb_text admin_label=&#8221;About Text &#8221; _builder_version=&#8221;4.10.5&#8243; text_text_color=&#8221;#444444&#8243; text_font_size=&#8221;18px&#8221; text_line_height=&#8221;1.9em&#8221; width=&#8221;67%&#8221; width_tablet=&#8221;&#8221; width_phone=&#8221;94%&#8221; width_last_edited=&#8221;on|phone&#8221; custom_margin=&#8221;|auto||auto&#8221; hover_enabled=&#8221;0&#8243; z_index_tablet=&#8221;500&#8243; box_shadow_horizontal_tablet=&#8221;0px&#8221; box_shadow_vertical_tablet=&#8221;0px&#8221; box_shadow_blur_tablet=&#8221;40px&#8221; box_shadow_spread_tablet=&#8221;0px&#8221; global_colors_info=&#8221;{}&#8221; sticky_enabled=&#8221;0&#8243;]<\/p>\n<p><img loading=\"lazy\" decoding=\"async\" class=\"wp-image-981 size-full alignleft\" src=\"https:\/\/aniautterback.com\/polskie\/wp-content\/uploads\/2021\/07\/ania-u.jpg\" alt=\"\" width=\"251\" height=\"245\" \/><\/p>\n<div style=\"text-align: left;\"><span class=\"aboutyouname\">Ania Utterback, C.Ht.<\/span><\/div>\n<p><span style=\"font-size: 14pt;\">Dyplomowany Hipnoterapeuta<\/span><\/p>\n<p>Witam serdecznie i zapraszam w podr\u00f3\u017c odkrywaj\u0105c\u0105 naturalne zdolno\u015bci twojego umys\u0142u i cia\u0142a.<\/p>\n<p>Terapeutyczna Hipnoza pomoze Tobie w osiagnieciu obranego celu lub pozbyciu sie niechcianych nawykow. Ja podobnie jak Ty dotarlam w moim zyciu do momentu w ktorym zaczelam zadawac sobie pytanie, dokad zmierzam?<\/p>\n<p>Probowalam wielu drog.<\/p>\n<p>Uzyskalam dyplom Szkoly Glownej Handlowej w Warszawie. Studiowalam sposoby przyswajania I asymilowania pokarmow przez organizm czlowieka na UCLA w Los Angeles. W dalszym ciagu poszukiwalam swojej drogi i poglebialam wiedze. Zainteresowala mnie hipnoza.<\/p>\n<p>[\/et_pb_text][et_pb_background_plus level=&#8221;section&#8221; _builder_version=&#8221;3.23.3&#8243; background_color=&#8221;rgba(255,255,255,0)&#8221; z_index_tablet=&#8221;500&#8243; box_shadow_horizontal_tablet=&#8221;0px&#8221; box_shadow_vertical_tablet=&#8221;0px&#8221; box_shadow_blur_tablet=&#8221;40px&#8221; box_shadow_spread_tablet=&#8221;0px&#8221; global_colors_info=&#8221;{}&#8221;][\/et_pb_background_plus][\/et_pb_column][\/et_pb_row][\/et_pb_section][et_pb_section fb_built=&#8221;1&#8243; admin_label=&#8221;Section &#8211; Credentials&#8221; _builder_version=&#8221;4.7.4&#8243; background_color=&#8221;#9770bf&#8221; background_enable_image=&#8221;off&#8221; parallax=&#8221;on&#8221; parallax_method=&#8221;off&#8221; inner_width_tablet=&#8221;50px&#8221; inner_max_width_tablet=&#8221;50px&#8221; top_divider_height=&#8221;85px&#8221; top_divider_flip=&#8221;vertical&#8221; top_divider_height_tablet=&#8221;&#8221; top_divider_height_phone=&#8221;&#8221; top_divider_height_last_edited=&#8221;on|phone&#8221; z_index_tablet=&#8221;500&#8243; custom_css_main_element=&#8221;background:rgba(255, 255, 255, 0.4);&#8221; global_colors_info=&#8221;{}&#8221;][et_pb_row _builder_version=&#8221;3.25&#8243; background_size=&#8221;initial&#8221; background_position=&#8221;top_left&#8221; background_repeat=&#8221;repeat&#8221; max_width=&#8221;1080px&#8221; global_colors_info=&#8221;{}&#8221;][et_pb_column type=&#8221;4_4&#8243; _builder_version=&#8221;3.25&#8243; custom_padding=&#8221;|||&#8221; global_colors_info=&#8221;{}&#8221; custom_padding__hover=&#8221;|||&#8221;][et_pb_text admin_label=&#8221;The Trifecta of Hypnotherapy&#8221; _builder_version=&#8221;4.9.10&#8243; background_layout=&#8221;dark&#8221; z_index_tablet=&#8221;500&#8243; global_colors_info=&#8221;{}&#8221;]<\/p>\n<p style=\"text-align: center;\"><span style=\"font-size: 14pt;\"><strong>Trifecta Hipnoterapii<\/strong><\/span><\/p>\n<p>[\/et_pb_text][\/et_pb_column][\/et_pb_row][et_pb_row column_structure=&#8221;1_3,1_3,1_3&#8243; custom_padding_last_edited=&#8221;on|tablet&#8221; _builder_version=&#8221;3.25&#8243; width_tablet=&#8221;&#8221; width_phone=&#8221;100%&#8221; width_last_edited=&#8221;on|desktop&#8221; max_width_phone=&#8221;1280px&#8221; custom_padding=&#8221;|95px||95px&#8221; custom_padding_tablet=&#8221;|65px||65px&#8221; custom_padding_phone=&#8221;|55px||55px&#8221; z_index_tablet=&#8221;500&#8243; global_colors_info=&#8221;{}&#8221;][et_pb_column type=&#8221;1_3&#8243; _builder_version=&#8221;3.25&#8243; custom_padding=&#8221;|||&#8221; global_colors_info=&#8221;{}&#8221; custom_padding__hover=&#8221;|||&#8221;][et_pb_text admin_label=&#8221;%22Union Certification%22&#8243; _builder_version=&#8221;4.10.5&#8243; background_layout=&#8221;dark&#8221; z_index_tablet=&#8221;500&#8243; global_colors_info=&#8221;{}&#8221;]<\/p>\n<p style=\"text-align: center;\"><span style=\"font-size: 12pt;\">Jestem cz\u0142onkiem<br \/>Unii<\/span><\/p>\n<p>[\/et_pb_text][et_pb_image src=&#8221;https:\/\/aniautterback.com\/polskie\/wp-content\/uploads\/2021\/07\/Union-ania.jpg&#8221; title_text=&#8221;Union Ania&#8221; show_in_lightbox=&#8221;on&#8221; align=&#8221;center&#8221; align_tablet=&#8221;center&#8221; align_phone=&#8221;&#8221; align_last_edited=&#8221;on|desktop&#8221; admin_label=&#8221;Union&#8221; _builder_version=&#8221;4.9.10&#8243; z_index_tablet=&#8221;500&#8243; box_shadow_style=&#8221;preset3&#8243; global_colors_info=&#8221;{}&#8221;][\/et_pb_image][\/et_pb_column][et_pb_column type=&#8221;1_3&#8243; _builder_version=&#8221;3.25&#8243; custom_padding=&#8221;|||&#8221; global_colors_info=&#8221;{}&#8221; custom_padding__hover=&#8221;|||&#8221;][et_pb_text admin_label=&#8221;%22Accredited Diploma%22&#8243; _builder_version=&#8221;4.10.5&#8243; background_layout=&#8221;dark&#8221; z_index_tablet=&#8221;500&#8243; global_colors_info=&#8221;{}&#8221;]<\/p>\n<p style=\"text-align: center;\"><span style=\"font-size: 12pt;\">Posiadam dyplom <\/span><\/p>\n<p>[\/et_pb_text][et_pb_image src=&#8221;https:\/\/aniautterback.com\/polskie\/wp-content\/uploads\/2021\/07\/Diploma-ania.jpg&#8221; title_text=&#8221;Diploma Ania&#8221; show_in_lightbox=&#8221;on&#8221; align=&#8221;center&#8221; align_tablet=&#8221;center&#8221; align_phone=&#8221;&#8221; align_last_edited=&#8221;on|desktop&#8221; admin_label=&#8221;Diploma&#8221; _builder_version=&#8221;4.9.10&#8243; z_index_tablet=&#8221;500&#8243; box_shadow_style=&#8221;preset3&#8243; global_colors_info=&#8221;{}&#8221;][\/et_pb_image][et_pb_cta button_url=&#8221;@ET-DC@eyJkeW5hbWljIjp0cnVlLCJjb250ZW50IjoicG9zdF9saW5rX3VybF9wYWdlIiwic2V0dGluZ3MiOnsicG9zdF9pZCI6IjgxMSJ9fQ==@&#8221; button_text=&#8221;Bezp\u0142atna 15 minutowa Konsultacja&#8221; admin_label=&#8221;Button: Free Consultation (Polish)&#8221; _builder_version=&#8221;4.9.10&#8243; _dynamic_attributes=&#8221;button_url&#8221; use_background_color=&#8221;off&#8221; custom_button=&#8221;on&#8221; button_text_color=&#8221;#ffffff&#8221; button_bg_color=&#8221;#995ca6&#8243; background_layout=&#8221;light&#8221; z_index_tablet=&#8221;500&#8243; header_text_shadow_horizontal_length_tablet=&#8221;0px&#8221; header_text_shadow_vertical_length_tablet=&#8221;0px&#8221; header_text_shadow_blur_strength_tablet=&#8221;1px&#8221; body_text_shadow_horizontal_length_tablet=&#8221;0px&#8221; body_text_shadow_vertical_length_tablet=&#8221;0px&#8221; body_text_shadow_blur_strength_tablet=&#8221;1px&#8221; body_link_text_shadow_horizontal_length_tablet=&#8221;0px&#8221; body_link_text_shadow_vertical_length_tablet=&#8221;0px&#8221; body_link_text_shadow_blur_strength_tablet=&#8221;1px&#8221; body_ul_text_shadow_horizontal_length_tablet=&#8221;0px&#8221; body_ul_text_shadow_vertical_length_tablet=&#8221;0px&#8221; body_ul_text_shadow_blur_strength_tablet=&#8221;1px&#8221; body_ol_text_shadow_horizontal_length_tablet=&#8221;0px&#8221; body_ol_text_shadow_vertical_length_tablet=&#8221;0px&#8221; body_ol_text_shadow_blur_strength_tablet=&#8221;1px&#8221; body_quote_text_shadow_horizontal_length_tablet=&#8221;0px&#8221; body_quote_text_shadow_vertical_length_tablet=&#8221;0px&#8221; body_quote_text_shadow_blur_strength_tablet=&#8221;1px&#8221; button_text_shadow_horizontal_length_tablet=&#8221;0px&#8221; button_text_shadow_vertical_length_tablet=&#8221;0px&#8221; button_text_shadow_blur_strength_tablet=&#8221;1px&#8221; box_shadow_horizontal_tablet=&#8221;0px&#8221; box_shadow_vertical_tablet=&#8221;0px&#8221; box_shadow_blur_tablet=&#8221;40px&#8221; box_shadow_spread_tablet=&#8221;0px&#8221; box_shadow_horizontal_button_tablet=&#8221;0px&#8221; box_shadow_vertical_button_tablet=&#8221;0px&#8221; box_shadow_blur_button_tablet=&#8221;40px&#8221; box_shadow_spread_button_tablet=&#8221;0px&#8221; text_shadow_horizontal_length_tablet=&#8221;0px&#8221; text_shadow_vertical_length_tablet=&#8221;0px&#8221; text_shadow_blur_strength_tablet=&#8221;1px&#8221; locked=&#8221;off&#8221; global_colors_info=&#8221;{}&#8221;][\/et_pb_cta][\/et_pb_column][et_pb_column type=&#8221;1_3&#8243; _builder_version=&#8221;3.25&#8243; custom_padding=&#8221;|||&#8221; global_colors_info=&#8221;{}&#8221; custom_padding__hover=&#8221;|||&#8221;][et_pb_text admin_label=&#8221;%22Professional Membership%22&#8243; _builder_version=&#8221;4.10.5&#8243; background_layout=&#8221;dark&#8221; z_index_tablet=&#8221;500&#8243; global_colors_info=&#8221;{}&#8221;]<\/p>\n<p style=\"text-align: center;\"><span style=\"font-size: 12pt;\">Jestem Cz\u0142onkiem AHA <\/span><\/p>\n<p>[\/et_pb_text][et_pb_image src=&#8221;https:\/\/aniautterback.com\/polskie\/wp-content\/uploads\/2021\/07\/AHA-Membership-ania.jpg&#8221; title_text=&#8221;AHA Membership Ania&#8221; show_in_lightbox=&#8221;on&#8221; align=&#8221;center&#8221; align_tablet=&#8221;center&#8221; align_phone=&#8221;&#8221; align_last_edited=&#8221;on|desktop&#8221; admin_label=&#8221;AHA Cert&#8221; _builder_version=&#8221;4.9.10&#8243; z_index_tablet=&#8221;500&#8243; box_shadow_style=&#8221;preset3&#8243; global_colors_info=&#8221;{}&#8221;][\/et_pb_image][\/et_pb_column][\/et_pb_row][\/et_pb_section]<\/p>\n","protected":false},"excerpt":{"rendered":"<p>HIPNOZA TERAPEUTYCZNA UMYS\u0141\u00a0 |\u00a0 CIA\u0141O\u00a0 | \u00a0 INTUICJAW domu bezpieczniej: Wszystkie sesje mo\u017cemy odbywa\u0107 w twoim w\u0142asnym domu via Zoom lub via Facetime.English O Mnie Witam serdecznie i zapraszam w podr\u00f3\u017c odkrywaj\u0105c\u0105 naturalne zdolno\u015bci twojego umys\u0142u i cia\u0142a. Bez wzgl\u0119du na to jaki masz cel i co chcesz osi\u0105gn\u0105\u0107, hipnoza jest narz\u0119dziem kt\u00f3re przy\u015bpieszy i [&hellip;]<\/p>\n","protected":false},"author":5,"featured_media":0,"parent":0,"menu_order":0,"comment_status":"closed","ping_status":"closed","template":"","meta":{"_et_pb_use_builder":"on","_et_pb_old_content":"[justified_image_grid ids=\"45,44,43,42,41,40,39,38,37,36,35,34,33,32,31,30,29,28,27,26,25,24,23,22,21,20,19,18,17,16,15,14,13,12,11\"]\r\n\r\n[gallery link=\"file\" folder_id=\"2\" ids=\"45,44,43,42,41,40,39,38,37,36,35,34,33,32,31,30,29,28,27,26,25,24,23,22,21,20,19,18,17,16,15,14,13,12,11\"]","_et_gb_content_width":"","footnotes":""},"class_list":["post-48","page","type-page","status-publish","hentry"],"_links":{"self":[{"href":"https:\/\/aniautterback.com\/polskie\/wp-json\/wp\/v2\/pages\/48","targetHints":{"allow":["GET"]}}],"collection":[{"href":"https:\/\/aniautterback.com\/polskie\/wp-json\/wp\/v2\/pages"}],"about":[{"href":"https:\/\/aniautterback.com\/polskie\/wp-json\/wp\/v2\/types\/page"}],"author":[{"embeddable":true,"href":"https:\/\/aniautterback.com\/polskie\/wp-json\/wp\/v2\/users\/5"}],"replies":[{"embeddable":true,"href":"https:\/\/aniautterback.com\/polskie\/wp-json\/wp\/v2\/comments?post=48"}],"version-history":[{"count":52,"href":"https:\/\/aniautterback.com\/polskie\/wp-json\/wp\/v2\/pages\/48\/revisions"}],"predecessor-version":[{"id":1318,"href":"https:\/\/aniautterback.com\/polskie\/wp-json\/wp\/v2\/pages\/48\/revisions\/1318"}],"wp:attachment":[{"href":"https:\/\/aniautterback.com\/polskie\/wp-json\/wp\/v2\/media?parent=48"}],"curies":[{"name":"wp","href":"https:\/\/api.w.org\/{rel}","templated":true}]}}