{"id":562,"date":"2019-04-13T16:08:18","date_gmt":"2019-04-13T23:08:18","guid":{"rendered":"http:\/\/jamesjhypnosis.com\/?page_id=562"},"modified":"2021-09-02T13:22:07","modified_gmt":"2021-09-02T20:22:07","slug":"why-hypnosis","status":"publish","type":"page","link":"https:\/\/aniautterback.com\/polskie\/why-hypnosis\/","title":{"rendered":"Dlaczego Hipnoza?"},"content":{"rendered":"<p>[et_pb_section fb_built=&#8221;1&#8243; admin_label=&#8221;%22SERVICES%22 Header with Lilly Pad pic&#8221; _builder_version=&#8221;3.23.3&#8243; background_color=&#8221;#ffffff&#8221; background_image=&#8221;https:\/\/aniautterback.com\/polskie\/wp-content\/uploads\/2019\/05\/water-nature-blossom-plant-sky-photography-652397-pxhere.jpg&#8221; z_index_tablet=&#8221;500&#8243; box_shadow_style=&#8221;preset3&#8243; box_shadow_vertical_tablet=&#8221;0px&#8221; box_shadow_blur_tablet=&#8221;40px&#8221; box_shadow_spread_tablet=&#8221;0px&#8221; global_colors_info=&#8221;{}&#8221;][et_pb_row _builder_version=&#8221;3.25&#8243; global_colors_info=&#8221;{}&#8221;][et_pb_column type=&#8221;4_4&#8243; _builder_version=&#8221;3.25&#8243; custom_padding=&#8221;|||&#8221; global_colors_info=&#8221;{}&#8221; custom_padding__hover=&#8221;|||&#8221;][et_pb_text admin_label=&#8221;%22Why Hypnosis%22 Header with lily pad pic&#8221; _builder_version=&#8221;4.9.10&#8243; background_layout=&#8221;dark&#8221; z_index_tablet=&#8221;500&#8243; text_text_shadow_horizontal_length_tablet=&#8221;0px&#8221; text_text_shadow_vertical_length_tablet=&#8221;0px&#8221; text_text_shadow_blur_strength_tablet=&#8221;1px&#8221; link_text_shadow_horizontal_length_tablet=&#8221;0px&#8221; link_text_shadow_vertical_length_tablet=&#8221;0px&#8221; link_text_shadow_blur_strength_tablet=&#8221;1px&#8221; ul_text_shadow_horizontal_length_tablet=&#8221;0px&#8221; ul_text_shadow_vertical_length_tablet=&#8221;0px&#8221; ul_text_shadow_blur_strength_tablet=&#8221;1px&#8221; ol_text_shadow_horizontal_length_tablet=&#8221;0px&#8221; ol_text_shadow_vertical_length_tablet=&#8221;0px&#8221; ol_text_shadow_blur_strength_tablet=&#8221;1px&#8221; quote_text_shadow_horizontal_length_tablet=&#8221;0px&#8221; quote_text_shadow_vertical_length_tablet=&#8221;0px&#8221; quote_text_shadow_blur_strength_tablet=&#8221;1px&#8221; header_text_shadow_horizontal_length_tablet=&#8221;0px&#8221; header_text_shadow_vertical_length_tablet=&#8221;0px&#8221; header_text_shadow_blur_strength_tablet=&#8221;1px&#8221; header_2_text_shadow_horizontal_length_tablet=&#8221;0px&#8221; header_2_text_shadow_vertical_length_tablet=&#8221;0px&#8221; header_2_text_shadow_blur_strength_tablet=&#8221;1px&#8221; header_3_text_shadow_horizontal_length_tablet=&#8221;0px&#8221; header_3_text_shadow_vertical_length_tablet=&#8221;0px&#8221; header_3_text_shadow_blur_strength_tablet=&#8221;1px&#8221; header_4_text_shadow_horizontal_length_tablet=&#8221;0px&#8221; header_4_text_shadow_vertical_length_tablet=&#8221;0px&#8221; header_4_text_shadow_blur_strength_tablet=&#8221;1px&#8221; header_5_text_shadow_horizontal_length_tablet=&#8221;0px&#8221; header_5_text_shadow_vertical_length_tablet=&#8221;0px&#8221; header_5_text_shadow_blur_strength_tablet=&#8221;1px&#8221; header_6_text_shadow_horizontal_length_tablet=&#8221;0px&#8221; header_6_text_shadow_vertical_length_tablet=&#8221;0px&#8221; header_6_text_shadow_blur_strength_tablet=&#8221;1px&#8221; box_shadow_horizontal_tablet=&#8221;0px&#8221; box_shadow_vertical_tablet=&#8221;0px&#8221; box_shadow_blur_tablet=&#8221;40px&#8221; box_shadow_spread_tablet=&#8221;0px&#8221; global_colors_info=&#8221;{}&#8221;]<\/p>\n<p style=\"text-align: center;\"><span class=\"headertitledb\">WHY HYPNOSIS?<\/span><\/p>\n<p>[\/et_pb_text][\/et_pb_column][\/et_pb_row][\/et_pb_section][et_pb_section fb_built=&#8221;1&#8243; admin_label=&#8221;Link to English Site&#8221; _builder_version=&#8221;4.9.10&#8243; _module_preset=&#8221;default&#8221; custom_margin=&#8221;0px||-24px||false|false&#8221; custom_padding=&#8221;0px||0px||false|false&#8221; locked=&#8221;off&#8221; global_colors_info=&#8221;{}&#8221;][et_pb_row _builder_version=&#8221;4.9.10&#8243; _module_preset=&#8221;default&#8221; custom_margin=&#8221;0px||0px||false|false&#8221; custom_padding=&#8221;||0px||false|false&#8221; global_colors_info=&#8221;{}&#8221;][et_pb_column type=&#8221;4_4&#8243; _builder_version=&#8221;4.9.10&#8243; _module_preset=&#8221;default&#8221; global_colors_info=&#8221;{}&#8221;][et_pb_text admin_label=&#8221;Link to English Site&#8221; _builder_version=&#8221;4.9.10&#8243; _module_preset=&#8221;default&#8221; global_colors_info=&#8221;{}&#8221;]<\/p>\n<p style=\"text-align: right;\"><a href=\"https:\/\/aniautterback.com\"><strong>English<\/strong> <img loading=\"lazy\" decoding=\"async\" class=\"wp-image-1232 alignnone size-full\" src=\"https:\/\/aniautterback.com\/polskie\/wp-content\/uploads\/2021\/07\/us-uk.png\" alt=\"\" width=\"45\" height=\"30\" \/><\/a><\/p>\n<p>[\/et_pb_text][\/et_pb_column][\/et_pb_row][\/et_pb_section][et_pb_section fb_built=&#8221;1&#8243; _builder_version=&#8221;3.23.1&#8243; background_color=&#8221;#f1eaf5&#8243; inner_width_tablet=&#8221;50px&#8221; inner_max_width_tablet=&#8221;50px&#8221; z_index_tablet=&#8221;500&#8243; box_shadow_horizontal_tablet=&#8221;0px&#8221; box_shadow_vertical_tablet=&#8221;0px&#8221; box_shadow_blur_tablet=&#8221;40px&#8221; box_shadow_spread_tablet=&#8221;0px&#8221; global_colors_info=&#8221;{}&#8221;][et_pb_row _builder_version=&#8221;3.25&#8243; background_size=&#8221;initial&#8221; background_position=&#8221;top_left&#8221; background_repeat=&#8221;repeat&#8221; global_colors_info=&#8221;{}&#8221;][et_pb_column type=&#8221;4_4&#8243; _builder_version=&#8221;3.25&#8243; custom_padding=&#8221;|||&#8221; global_colors_info=&#8221;{}&#8221; custom_padding__hover=&#8221;|||&#8221;][et_pb_text admin_label=&#8221;Text: Why Hypnosis?&#8221; _builder_version=&#8221;4.10.5&#8243; hover_enabled=&#8221;0&#8243; z_index_tablet=&#8221;500&#8243; box_shadow_horizontal_tablet=&#8221;0px&#8221; box_shadow_vertical_tablet=&#8221;0px&#8221; box_shadow_blur_tablet=&#8221;40px&#8221; box_shadow_spread_tablet=&#8221;0px&#8221; global_colors_info=&#8221;{}&#8221; sticky_enabled=&#8221;0&#8243;]<\/p>\n<p>Znamy dwa kluczowe poj\u0119cia, kt\u00f3re pomog\u0105 tobie zrozumie\u0107 dlaczego hipnoza jest wa\u017cnym narz\u0119dziem w kreowaniu zmian.<\/p>\n<p>Pierwszy to <strong>homeostaza<\/strong>: Homeostaza to nasze pod\u015bwiadome d\u0105\u017cenie do \u201cbycia w r\u00f3wnowadze\u201d, co mo\u017cna okresli\u0107 jako op\u00f3r wobec wszelkich zmian na poziomie pod\u015bwiadomo\u015bci.<\/p>\n<p>Je\u017celi nawet logicznie i z rozmys\u0142em postanawiamy co\u015b zmieni\u0107, na g\u0142ebszym poziomie nasza pod\u015bwiadomo\u015b\u0107 d\u0105\u017cy do zachowania status quo.<\/p>\n<p>Ka\u017cda zmiana to ogromny wysi\u0142ek na pozimie naszej \u015bwiadomo\u015bci.<\/p>\n<p>Druga to plastyka m\u00f3zgu, czyli <strong>neuroplastyczno\u015b\u0107.<\/strong><\/p>\n<p>Neuroplastyczno\u015b\u0107 to zdolno\u015b\u0107 naszego m\u00f3zgu do zmian.<\/p>\n<p>Te zmiany mog\u0105 dotyczy\u0107 ka\u017cdego aspektu zycia, naszych przyzwyczaje\u0144, naszych zachowa\u0144.<\/p>\n<p>Wykorzystujac plastyczne mo\u017cliwo\u015bci naszego m\u00f3zgu<\/p>\n<p>hipnoza pozwala wp\u0142yna\u0107 na pod\u015bwiadomo\u015b\u0107.<\/p>\n<p>Relaksuj\u0105c upart\u0105 \u015bwiadomo\u015b\u0107, mo\u017cna w powolny sukcesywny spos\u00f3b zmieni\u0107 nasze zachowania i reakcje, wp\u0142ywajac na pod\u015bwiadomo\u015b\u0107.<\/p>\n<p>Hipnoza to trener personalny naszej pod\u015bwiadomo\u015bci.<\/p>\n<p>Zapraszam seredcznie do bezp\u0142atnej 15 minutowej konsultacji, aby om\u00f3wi\u0107 dokladniej twoje potrzeby.<\/p>\n<p>[\/et_pb_text][et_pb_cta button_url=&#8221;@ET-DC@eyJkeW5hbWljIjp0cnVlLCJjb250ZW50IjoicG9zdF9saW5rX3VybF9wYWdlIiwic2V0dGluZ3MiOnsicG9zdF9pZCI6IjgxMSJ9fQ==@&#8221; button_text=&#8221;Bezp\u0142atna 15 minutowa Konsultacja&#8221; admin_label=&#8221;Button: Free Consultation (Polish)&#8221; _builder_version=&#8221;4.9.10&#8243; _dynamic_attributes=&#8221;button_url&#8221; use_background_color=&#8221;off&#8221; background_layout=&#8221;light&#8221; z_index_tablet=&#8221;500&#8243; header_text_shadow_horizontal_length_tablet=&#8221;0px&#8221; header_text_shadow_vertical_length_tablet=&#8221;0px&#8221; header_text_shadow_blur_strength_tablet=&#8221;1px&#8221; body_text_shadow_horizontal_length_tablet=&#8221;0px&#8221; body_text_shadow_vertical_length_tablet=&#8221;0px&#8221; body_text_shadow_blur_strength_tablet=&#8221;1px&#8221; body_link_text_shadow_horizontal_length_tablet=&#8221;0px&#8221; body_link_text_shadow_vertical_length_tablet=&#8221;0px&#8221; body_link_text_shadow_blur_strength_tablet=&#8221;1px&#8221; body_ul_text_shadow_horizontal_length_tablet=&#8221;0px&#8221; body_ul_text_shadow_vertical_length_tablet=&#8221;0px&#8221; body_ul_text_shadow_blur_strength_tablet=&#8221;1px&#8221; body_ol_text_shadow_horizontal_length_tablet=&#8221;0px&#8221; body_ol_text_shadow_vertical_length_tablet=&#8221;0px&#8221; body_ol_text_shadow_blur_strength_tablet=&#8221;1px&#8221; body_quote_text_shadow_horizontal_length_tablet=&#8221;0px&#8221; body_quote_text_shadow_vertical_length_tablet=&#8221;0px&#8221; body_quote_text_shadow_blur_strength_tablet=&#8221;1px&#8221; button_text_shadow_horizontal_length_tablet=&#8221;0px&#8221; button_text_shadow_vertical_length_tablet=&#8221;0px&#8221; button_text_shadow_blur_strength_tablet=&#8221;1px&#8221; box_shadow_horizontal_tablet=&#8221;0px&#8221; box_shadow_vertical_tablet=&#8221;0px&#8221; box_shadow_blur_tablet=&#8221;40px&#8221; box_shadow_spread_tablet=&#8221;0px&#8221; box_shadow_horizontal_button_tablet=&#8221;0px&#8221; box_shadow_vertical_button_tablet=&#8221;0px&#8221; box_shadow_blur_button_tablet=&#8221;40px&#8221; box_shadow_spread_button_tablet=&#8221;0px&#8221; text_shadow_horizontal_length_tablet=&#8221;0px&#8221; text_shadow_vertical_length_tablet=&#8221;0px&#8221; text_shadow_blur_strength_tablet=&#8221;1px&#8221; locked=&#8221;off&#8221; global_colors_info=&#8221;{}&#8221;][\/et_pb_cta][\/et_pb_column][\/et_pb_row][\/et_pb_section]<\/p>\n","protected":false},"excerpt":{"rendered":"<p>WHY HYPNOSIS?English Znamy dwa kluczowe poj\u0119cia, kt\u00f3re pomog\u0105 tobie zrozumie\u0107 dlaczego hipnoza jest wa\u017cnym narz\u0119dziem w kreowaniu zmian. Pierwszy to homeostaza: Homeostaza to nasze pod\u015bwiadome d\u0105\u017cenie do \u201cbycia w r\u00f3wnowadze\u201d, co mo\u017cna okresli\u0107 jako op\u00f3r wobec wszelkich zmian na poziomie pod\u015bwiadomo\u015bci. Je\u017celi nawet logicznie i z rozmys\u0142em postanawiamy co\u015b zmieni\u0107, na g\u0142ebszym poziomie nasza pod\u015bwiadomo\u015b\u0107 [&hellip;]<\/p>\n","protected":false},"author":5,"featured_media":0,"parent":0,"menu_order":0,"comment_status":"closed","ping_status":"closed","template":"","meta":{"_et_pb_use_builder":"on","_et_pb_old_content":"","_et_gb_content_width":"","footnotes":""},"class_list":["post-562","page","type-page","status-publish","hentry"],"_links":{"self":[{"href":"https:\/\/aniautterback.com\/polskie\/wp-json\/wp\/v2\/pages\/562","targetHints":{"allow":["GET"]}}],"collection":[{"href":"https:\/\/aniautterback.com\/polskie\/wp-json\/wp\/v2\/pages"}],"about":[{"href":"https:\/\/aniautterback.com\/polskie\/wp-json\/wp\/v2\/types\/page"}],"author":[{"embeddable":true,"href":"https:\/\/aniautterback.com\/polskie\/wp-json\/wp\/v2\/users\/5"}],"replies":[{"embeddable":true,"href":"https:\/\/aniautterback.com\/polskie\/wp-json\/wp\/v2\/comments?post=562"}],"version-history":[{"count":8,"href":"https:\/\/aniautterback.com\/polskie\/wp-json\/wp\/v2\/pages\/562\/revisions"}],"predecessor-version":[{"id":1301,"href":"https:\/\/aniautterback.com\/polskie\/wp-json\/wp\/v2\/pages\/562\/revisions\/1301"}],"wp:attachment":[{"href":"https:\/\/aniautterback.com\/polskie\/wp-json\/wp\/v2\/media?parent=562"}],"curies":[{"name":"wp","href":"https:\/\/api.w.org\/{rel}","templated":true}]}}